{"id":13502,"date":"2026-04-10T08:28:13","date_gmt":"2026-04-10T08:28:13","guid":{"rendered":"https:\/\/uniquecontent.shop\/?post_type=product&#038;p=13502"},"modified":"2026-04-10T08:33:55","modified_gmt":"2026-04-10T08:33:55","slug":"fini-chuches-31-bolsa-bolsas-de-75g-90g","status":"publish","type":"product","link":"https:\/\/uniquecontent.shop\/es\/product\/fini-chuches-31-bolsa-bolsas-de-75g-90g\/","title":{"rendered":"Fini Chuches 31 bolsa, bolsas de 75g-90g"},"content":{"rendered":"<div data-elementor-type=\"product-post\" data-elementor-id=\"13502\" class=\"elementor elementor-13502\" data-elementor-post-type=\"product\">\n\t\t\t\t<div class=\"elementor-element elementor-element-3e9f2dcc e-flex e-con-boxed e-con e-parent\" data-id=\"3e9f2dcc\" data-element_type=\"container\" data-settings=\"{&quot;ekit_has_onepagescroll_dot&quot;:&quot;yes&quot;}\">\n\t\t\t\t\t<div class=\"e-con-inner\">\n\t\t<div class=\"elementor-element elementor-element-57bf195b e-grid e-con-full e-con e-child\" data-id=\"57bf195b\" data-element_type=\"container\" data-settings=\"{&quot;ekit_has_onepagescroll_dot&quot;:&quot;yes&quot;}\">\n\t\t\t\t<div class=\"elementor-element elementor-element-35ec5951 elementor-widget elementor-widget-image\" data-id=\"35ec5951\" data-element_type=\"widget\" data-settings=\"{&quot;ekit_we_effect_on&quot;:&quot;none&quot;}\" data-widget_type=\"image.default\">\n\t\t\t\t<div class=\"elementor-widget-container\">\n\t\t\t\t\t\t\t\t\t\t\t\t\t\t\t<img loading=\"lazy\" decoding=\"async\" width=\"384\" height=\"384\" src=\"https:\/\/uniquecontent.shop\/wp-content\/uploads\/2026\/04\/55.jpg\" class=\"attachment-full size-full wp-image-13507 wvs-archive-product-image\" alt=\"\" srcset=\"https:\/\/uniquecontent.shop\/wp-content\/uploads\/2026\/04\/55.jpg 384w, https:\/\/uniquecontent.shop\/wp-content\/uploads\/2026\/04\/55-300x300.jpg 300w, https:\/\/uniquecontent.shop\/wp-content\/uploads\/2026\/04\/55-150x150.jpg 150w, https:\/\/uniquecontent.shop\/wp-content\/uploads\/2026\/04\/55-12x12.jpg 12w, https:\/\/uniquecontent.shop\/wp-content\/uploads\/2026\/04\/55-100x100.jpg 100w, https:\/\/uniquecontent.shop\/wp-content\/uploads\/2026\/04\/55-50x50.jpg 50w, https:\/\/uniquecontent.shop\/wp-content\/uploads\/2026\/04\/55-1x1.jpg 1w, https:\/\/uniquecontent.shop\/wp-content\/uploads\/2026\/04\/55-10x10.jpg 10w\" sizes=\"auto, (max-width: 384px) 100vw, 384px\" \/>\t\t\t\t\t\t\t\t\t\t\t\t\t\t\t<\/div>\n\t\t\t\t<\/div>\n\t\t\t\t<div class=\"elementor-element elementor-element-73b60551 elementor-widget elementor-widget-image\" data-id=\"73b60551\" data-element_type=\"widget\" data-settings=\"{&quot;ekit_we_effect_on&quot;:&quot;none&quot;}\" data-widget_type=\"image.default\">\n\t\t\t\t<div class=\"elementor-widget-container\">\n\t\t\t\t\t\t\t\t\t\t\t\t\t\t\t<img loading=\"lazy\" decoding=\"async\" width=\"1600\" height=\"1600\" src=\"https:\/\/uniquecontent.shop\/wp-content\/uploads\/2026\/04\/66-1.jpg\" class=\"attachment-full size-full wp-image-13508 wvs-archive-product-image\" alt=\"\" srcset=\"https:\/\/uniquecontent.shop\/wp-content\/uploads\/2026\/04\/66-1.jpg 1600w, https:\/\/uniquecontent.shop\/wp-content\/uploads\/2026\/04\/66-1-300x300.jpg 300w, https:\/\/uniquecontent.shop\/wp-content\/uploads\/2026\/04\/66-1-1024x1024.jpg 1024w, https:\/\/uniquecontent.shop\/wp-content\/uploads\/2026\/04\/66-1-150x150.jpg 150w, https:\/\/uniquecontent.shop\/wp-content\/uploads\/2026\/04\/66-1-768x768.jpg 768w, https:\/\/uniquecontent.shop\/wp-content\/uploads\/2026\/04\/66-1-1536x1536.jpg 1536w, https:\/\/uniquecontent.shop\/wp-content\/uploads\/2026\/04\/66-1-12x12.jpg 12w, https:\/\/uniquecontent.shop\/wp-content\/uploads\/2026\/04\/66-1-600x600.jpg 600w, https:\/\/uniquecontent.shop\/wp-content\/uploads\/2026\/04\/66-1-100x100.jpg 100w, https:\/\/uniquecontent.shop\/wp-content\/uploads\/2026\/04\/66-1-50x50.jpg 50w, https:\/\/uniquecontent.shop\/wp-content\/uploads\/2026\/04\/66-1-1x1.jpg 1w, https:\/\/uniquecontent.shop\/wp-content\/uploads\/2026\/04\/66-1-10x10.jpg 10w\" sizes=\"auto, (max-width: 1600px) 100vw, 1600px\" \/>\t\t\t\t\t\t\t\t\t\t\t\t\t\t\t<\/div>\n\t\t\t\t<\/div>\n\t\t\t\t<\/div>\n\t\t\t\t<div class=\"elementor-element elementor-element-63850a12 elementor-widget elementor-widget-image\" data-id=\"63850a12\" data-element_type=\"widget\" data-settings=\"{&quot;ekit_we_effect_on&quot;:&quot;none&quot;}\" data-widget_type=\"image.default\">\n\t\t\t\t<div class=\"elementor-widget-container\">\n\t\t\t\t\t\t\t\t\t\t\t\t\t\t\t<img loading=\"lazy\" decoding=\"async\" width=\"1600\" height=\"898\" src=\"https:\/\/uniquecontent.shop\/wp-content\/uploads\/2026\/04\/11-scaled-1.jpg\" class=\"attachment-full size-full wp-image-13509 wvs-archive-product-image\" alt=\"\" srcset=\"https:\/\/uniquecontent.shop\/wp-content\/uploads\/2026\/04\/11-scaled-1.jpg 1600w, https:\/\/uniquecontent.shop\/wp-content\/uploads\/2026\/04\/11-scaled-1-300x168.jpg 300w, https:\/\/uniquecontent.shop\/wp-content\/uploads\/2026\/04\/11-scaled-1-1024x575.jpg 1024w, https:\/\/uniquecontent.shop\/wp-content\/uploads\/2026\/04\/11-scaled-1-768x431.jpg 768w, https:\/\/uniquecontent.shop\/wp-content\/uploads\/2026\/04\/11-scaled-1-1536x862.jpg 1536w, https:\/\/uniquecontent.shop\/wp-content\/uploads\/2026\/04\/11-scaled-1-18x10.jpg 18w, https:\/\/uniquecontent.shop\/wp-content\/uploads\/2026\/04\/11-scaled-1-600x337.jpg 600w, https:\/\/uniquecontent.shop\/wp-content\/uploads\/2026\/04\/11-scaled-1-1x1.jpg 1w, https:\/\/uniquecontent.shop\/wp-content\/uploads\/2026\/04\/11-scaled-1-10x6.jpg 10w\" sizes=\"auto, (max-width: 1600px) 100vw, 1600px\" \/>\t\t\t\t\t\t\t\t\t\t\t\t\t\t\t<\/div>\n\t\t\t\t<\/div>\n\t\t\t\t<div class=\"elementor-element elementor-element-4aab53f2 elementor-widget elementor-widget-image\" data-id=\"4aab53f2\" data-element_type=\"widget\" data-settings=\"{&quot;ekit_we_effect_on&quot;:&quot;none&quot;}\" data-widget_type=\"image.default\">\n\t\t\t\t<div class=\"elementor-widget-container\">\n\t\t\t\t\t\t\t\t\t\t\t\t\t\t\t<img loading=\"lazy\" decoding=\"async\" width=\"1600\" height=\"898\" src=\"https:\/\/uniquecontent.shop\/wp-content\/uploads\/2026\/04\/22-scaled-1.jpg\" class=\"attachment-full size-full wp-image-13510 wvs-archive-product-image\" alt=\"\" srcset=\"https:\/\/uniquecontent.shop\/wp-content\/uploads\/2026\/04\/22-scaled-1.jpg 1600w, https:\/\/uniquecontent.shop\/wp-content\/uploads\/2026\/04\/22-scaled-1-300x168.jpg 300w, https:\/\/uniquecontent.shop\/wp-content\/uploads\/2026\/04\/22-scaled-1-1024x575.jpg 1024w, https:\/\/uniquecontent.shop\/wp-content\/uploads\/2026\/04\/22-scaled-1-768x431.jpg 768w, https:\/\/uniquecontent.shop\/wp-content\/uploads\/2026\/04\/22-scaled-1-1536x862.jpg 1536w, https:\/\/uniquecontent.shop\/wp-content\/uploads\/2026\/04\/22-scaled-1-18x10.jpg 18w, https:\/\/uniquecontent.shop\/wp-content\/uploads\/2026\/04\/22-scaled-1-600x337.jpg 600w, https:\/\/uniquecontent.shop\/wp-content\/uploads\/2026\/04\/22-scaled-1-1x1.jpg 1w, https:\/\/uniquecontent.shop\/wp-content\/uploads\/2026\/04\/22-scaled-1-10x6.jpg 10w\" sizes=\"auto, (max-width: 1600px) 100vw, 1600px\" \/>\t\t\t\t\t\t\t\t\t\t\t\t\t\t\t<\/div>\n\t\t\t\t<\/div>\n\t\t\t\t<div class=\"elementor-element elementor-element-5ce57568 elementor-widget elementor-widget-image\" data-id=\"5ce57568\" data-element_type=\"widget\" data-settings=\"{&quot;ekit_we_effect_on&quot;:&quot;none&quot;}\" data-widget_type=\"image.default\">\n\t\t\t\t<div class=\"elementor-widget-container\">\n\t\t\t\t\t\t\t\t\t\t\t\t\t\t\t<img loading=\"lazy\" decoding=\"async\" width=\"1600\" height=\"898\" src=\"https:\/\/uniquecontent.shop\/wp-content\/uploads\/2026\/04\/33-1-scaled-1.jpg\" class=\"attachment-full size-full wp-image-13512 wvs-archive-product-image\" alt=\"\" srcset=\"https:\/\/uniquecontent.shop\/wp-content\/uploads\/2026\/04\/33-1-scaled-1.jpg 1600w, https:\/\/uniquecontent.shop\/wp-content\/uploads\/2026\/04\/33-1-scaled-1-300x168.jpg 300w, https:\/\/uniquecontent.shop\/wp-content\/uploads\/2026\/04\/33-1-scaled-1-1024x575.jpg 1024w, https:\/\/uniquecontent.shop\/wp-content\/uploads\/2026\/04\/33-1-scaled-1-768x431.jpg 768w, https:\/\/uniquecontent.shop\/wp-content\/uploads\/2026\/04\/33-1-scaled-1-1536x862.jpg 1536w, https:\/\/uniquecontent.shop\/wp-content\/uploads\/2026\/04\/33-1-scaled-1-18x10.jpg 18w, https:\/\/uniquecontent.shop\/wp-content\/uploads\/2026\/04\/33-1-scaled-1-600x337.jpg 600w, https:\/\/uniquecontent.shop\/wp-content\/uploads\/2026\/04\/33-1-scaled-1-1x1.jpg 1w, https:\/\/uniquecontent.shop\/wp-content\/uploads\/2026\/04\/33-1-scaled-1-10x6.jpg 10w\" sizes=\"auto, (max-width: 1600px) 100vw, 1600px\" \/>\t\t\t\t\t\t\t\t\t\t\t\t\t\t\t<\/div>\n\t\t\t\t<\/div>\n\t\t\t\t<div class=\"elementor-element elementor-element-a49752c elementor-widget elementor-widget-image\" data-id=\"a49752c\" data-element_type=\"widget\" data-settings=\"{&quot;ekit_we_effect_on&quot;:&quot;none&quot;}\" data-widget_type=\"image.default\">\n\t\t\t\t<div class=\"elementor-widget-container\">\n\t\t\t\t\t\t\t\t\t\t\t\t\t\t\t<img loading=\"lazy\" decoding=\"async\" width=\"1600\" height=\"898\" src=\"https:\/\/uniquecontent.shop\/wp-content\/uploads\/2026\/04\/44-scaled-1.jpg\" class=\"attachment-full size-full wp-image-13513 wvs-archive-product-image\" alt=\"\" srcset=\"https:\/\/uniquecontent.shop\/wp-content\/uploads\/2026\/04\/44-scaled-1.jpg 1600w, https:\/\/uniquecontent.shop\/wp-content\/uploads\/2026\/04\/44-scaled-1-300x168.jpg 300w, https:\/\/uniquecontent.shop\/wp-content\/uploads\/2026\/04\/44-scaled-1-1024x575.jpg 1024w, https:\/\/uniquecontent.shop\/wp-content\/uploads\/2026\/04\/44-scaled-1-768x431.jpg 768w, https:\/\/uniquecontent.shop\/wp-content\/uploads\/2026\/04\/44-scaled-1-1536x862.jpg 1536w, https:\/\/uniquecontent.shop\/wp-content\/uploads\/2026\/04\/44-scaled-1-18x10.jpg 18w, https:\/\/uniquecontent.shop\/wp-content\/uploads\/2026\/04\/44-scaled-1-600x337.jpg 600w, https:\/\/uniquecontent.shop\/wp-content\/uploads\/2026\/04\/44-scaled-1-1x1.jpg 1w, https:\/\/uniquecontent.shop\/wp-content\/uploads\/2026\/04\/44-scaled-1-10x6.jpg 10w\" sizes=\"auto, (max-width: 1600px) 100vw, 1600px\" \/>\t\t\t\t\t\t\t\t\t\t\t\t\t\t\t<\/div>\n\t\t\t\t<\/div>\n\t\t\t\t<div class=\"elementor-element elementor-element-6b9ec0ce elementor-widget elementor-widget-image\" data-id=\"6b9ec0ce\" data-element_type=\"widget\" data-settings=\"{&quot;ekit_we_effect_on&quot;:&quot;none&quot;}\" data-widget_type=\"image.default\">\n\t\t\t\t<div class=\"elementor-widget-container\">\n\t\t\t\t\t\t\t\t\t\t\t\t\t\t\t<img loading=\"lazy\" decoding=\"async\" width=\"1600\" height=\"898\" src=\"https:\/\/uniquecontent.shop\/wp-content\/uploads\/2026\/04\/77-scaled-1.jpg\" class=\"attachment-full size-full wp-image-13514 wvs-archive-product-image\" alt=\"\" srcset=\"https:\/\/uniquecontent.shop\/wp-content\/uploads\/2026\/04\/77-scaled-1.jpg 1600w, https:\/\/uniquecontent.shop\/wp-content\/uploads\/2026\/04\/77-scaled-1-300x168.jpg 300w, https:\/\/uniquecontent.shop\/wp-content\/uploads\/2026\/04\/77-scaled-1-1024x575.jpg 1024w, https:\/\/uniquecontent.shop\/wp-content\/uploads\/2026\/04\/77-scaled-1-768x431.jpg 768w, https:\/\/uniquecontent.shop\/wp-content\/uploads\/2026\/04\/77-scaled-1-1536x862.jpg 1536w, https:\/\/uniquecontent.shop\/wp-content\/uploads\/2026\/04\/77-scaled-1-18x10.jpg 18w, https:\/\/uniquecontent.shop\/wp-content\/uploads\/2026\/04\/77-scaled-1-600x337.jpg 600w, https:\/\/uniquecontent.shop\/wp-content\/uploads\/2026\/04\/77-scaled-1-1x1.jpg 1w, https:\/\/uniquecontent.shop\/wp-content\/uploads\/2026\/04\/77-scaled-1-10x6.jpg 10w\" sizes=\"auto, (max-width: 1600px) 100vw, 1600px\" \/>\t\t\t\t\t\t\t\t\t\t\t\t\t\t\t<\/div>\n\t\t\t\t<\/div>\n\t\t\t\t<div class=\"elementor-element elementor-element-48563d3a elementor-widget elementor-widget-image\" data-id=\"48563d3a\" data-element_type=\"widget\" data-settings=\"{&quot;ekit_we_effect_on&quot;:&quot;none&quot;}\" data-widget_type=\"image.default\">\n\t\t\t\t<div class=\"elementor-widget-container\">\n\t\t\t\t\t\t\t\t\t\t\t\t\t\t\t<img loading=\"lazy\" decoding=\"async\" width=\"1600\" height=\"898\" src=\"https:\/\/uniquecontent.shop\/wp-content\/uploads\/2026\/04\/88-scaled-1.jpg\" class=\"attachment-full size-full wp-image-13515 wvs-archive-product-image\" alt=\"\" srcset=\"https:\/\/uniquecontent.shop\/wp-content\/uploads\/2026\/04\/88-scaled-1.jpg 1600w, https:\/\/uniquecontent.shop\/wp-content\/uploads\/2026\/04\/88-scaled-1-300x168.jpg 300w, https:\/\/uniquecontent.shop\/wp-content\/uploads\/2026\/04\/88-scaled-1-1024x575.jpg 1024w, https:\/\/uniquecontent.shop\/wp-content\/uploads\/2026\/04\/88-scaled-1-768x431.jpg 768w, https:\/\/uniquecontent.shop\/wp-content\/uploads\/2026\/04\/88-scaled-1-1536x862.jpg 1536w, https:\/\/uniquecontent.shop\/wp-content\/uploads\/2026\/04\/88-scaled-1-18x10.jpg 18w, https:\/\/uniquecontent.shop\/wp-content\/uploads\/2026\/04\/88-scaled-1-600x337.jpg 600w, https:\/\/uniquecontent.shop\/wp-content\/uploads\/2026\/04\/88-scaled-1-1x1.jpg 1w, https:\/\/uniquecontent.shop\/wp-content\/uploads\/2026\/04\/88-scaled-1-10x6.jpg 10w\" sizes=\"auto, (max-width: 1600px) 100vw, 1600px\" \/>\t\t\t\t\t\t\t\t\t\t\t\t\t\t\t<\/div>\n\t\t\t\t<\/div>\n\t\t\t\t<div class=\"elementor-element elementor-element-5b5df36c elementor-widget elementor-widget-text-editor\" data-id=\"5b5df36c\" data-element_type=\"widget\" data-settings=\"{&quot;ekit_we_effect_on&quot;:&quot;none&quot;}\" data-widget_type=\"text-editor.default\">\n\t\t\t\t<div class=\"elementor-widget-container\">\n\t\t\t\t\t\t\t\t\t<h3>\ud83c\udf6c Fini Chuches Surtido Paquete de Caramelos<\/h3><div>\u00a0<\/div><div>Disfruta de una enorme variedad de deliciosas gominolas con el surtido de 31 bolsitas de Fini Chuches. Cada paquete contiene 31 bolsitas individuales, llenas de formas de gominolas cl\u00e1sicas, afrutadas y divertidas que gustan tanto a ni\u00f1os como a adultos.<\/div><div>\u00a0<\/div><h3>\ud83c\udf81 Porciones individuales perfectas<\/h3><div>\u00a0<\/div><div>Cada bolsa pesa entre 75 g y 90 g, lo que las hace ideales para aperitivos sobre la marcha, fiambreras, fiestas de cumplea\u00f1os, pi\u00f1atas y regalos. Compactas, pr\u00e1cticas y en porciones perfectas para disfrutarlas en cualquier momento.<\/div><div>\u00a0<\/div><h3>\ud83c\udf8a Gran valor y amplia variedad<\/h3><div>\u00a0<\/div><div>Este set a granel ofrece una incre\u00edble selecci\u00f3n de los caramelos m\u00e1s populares de Fini en un solo paquete. Con tantas texturas y sabores diferentes, aporta alegr\u00eda a cualquier celebraci\u00f3n, reuni\u00f3n o simple capricho diario.<\/div><div>\u00a0<\/div><h3>\u2728 Calidad superior de Fini<\/h3><div>\u00a0<\/div><div>Elaborados con ingredientes de alta calidad por Fini, garantizan caramelos suaves, masticables y llenos de sabor en todo momento. Higi\u00e9nicamente envasados, de larga duraci\u00f3n y perfectos para abastecer su hogar o negocio.<\/div>\t\t\t\t\t\t\t\t<\/div>\n\t\t\t\t<\/div>\n\t\t\t\t<div class=\"elementor-element elementor-element-2daa011b elementor-widget elementor-widget-text-editor\" data-id=\"2daa011b\" data-element_type=\"widget\" data-settings=\"{&quot;ekit_we_effect_on&quot;:&quot;none&quot;}\" data-widget_type=\"text-editor.default\">\n\t\t\t\t<div class=\"elementor-widget-container\">\n\t\t\t\t\t\t\t\t\t<!DOCTYPE html>\n<html lang=\"en\">\n<head>\n<meta charset=\"UTF-8\">\n<meta name=\"viewport\" content=\"width=device-width, initial-scale=1.0\">\n<title>Product Details<\/title>\n<style>\n  * {\n    margin: 0;\n    padding: 0;\n    box-sizing: border-box;\n  }\n  body {\n    background: transparent;\n    font-family: 'Inter', 'Segoe UI', system-ui, sans-serif;\n  }\n  .spec-table {\n    width: 100%;\n    border-collapse: collapse;\n    font-size: 14px;\n    line-height: 1.8;\n  }\n  .spec-table tr {\n    border-bottom: 1px solid #e6eef7;\n  }\n  .spec-table td:nth-child(1),\n  .spec-table td:nth-child(3) {\n    width: 20%;\n    font-weight: 500;\n    color: #2d70b3;\n    background: #f5f9ff;\n    padding: 12px 14px;\n    text-align: left;\n    vertical-align: top;\n  }\n  .spec-table td:nth-child(2),\n  .spec-table td:nth-child(4) {\n    width: 30%;\n    color: #333;\n    background: #fff;\n    padding: 12px 14px;\n    text-align: left;\n    vertical-align: top;\n  }\n<\/style>\n<\/head>\n<body>\n\n<table class=\"spec-table\">\n  <tr>\n    <td>Marca<\/td>\n    <td>Fini<\/td>\n    <td>Producto<\/td>\n    <td>Caramelos variados<\/td>\n  <\/tr>\n  <tr>\n    <td>Cantidad<\/td>\n    <td>31 Bolsas<\/td>\n    <td>Peso<\/td>\n    <td>75g-90g por bolsa<\/td>\n  <\/tr>\n  <tr>\n    <td>Tipo<\/td>\n    <td>Chuches \/ Dulces<\/td>\n    <td>Embalaje<\/td>\n    <td>Bolsas individuales<\/td>\n  <\/tr>\n  <tr>\n    <td>Caracter\u00edstica<\/td>\n    <td>Sabores variados<\/td>\n    <td>Utilizaci\u00f3n<\/td>\n    <td>Merienda y fiesta<\/td>\n  <\/tr>\n<\/table>\n\n<\/body>\n<\/html>\t\t\t\t\t\t\t\t<\/div>\n\t\t\t\t<\/div>\n\t\t\t\t\t<\/div>\n\t\t\t\t<\/div>\n\t\t\t\t<\/div>","protected":false},"excerpt":{"rendered":"<p>\ud83c\udf6c Fini Chuches Assorted Candy Pack \u00a0Enjoy a huge variety of delicious gummy candies with the Fini Chuches 31-bag assortment&#8230;.<\/p>","protected":false},"featured_media":13503,"comment_status":"open","ping_status":"closed","template":"","meta":{"_acf_changed":false},"etheme_brands":[],"product_brand":[],"product_cat":[118],"product_tag":[],"class_list":{"0":"post-13502","1":"product","2":"type-product","3":"status-publish","4":"has-post-thumbnail","6":"product_cat-sale-shop","8":"first","9":"instock","10":"shipping-taxable","11":"product-type-simple"},"acf":[],"_links":{"self":[{"href":"https:\/\/uniquecontent.shop\/es\/wp-json\/wp\/v2\/product\/13502","targetHints":{"allow":["GET"]}}],"collection":[{"href":"https:\/\/uniquecontent.shop\/es\/wp-json\/wp\/v2\/product"}],"about":[{"href":"https:\/\/uniquecontent.shop\/es\/wp-json\/wp\/v2\/types\/product"}],"replies":[{"embeddable":true,"href":"https:\/\/uniquecontent.shop\/es\/wp-json\/wp\/v2\/comments?post=13502"}],"version-history":[{"count":4,"href":"https:\/\/uniquecontent.shop\/es\/wp-json\/wp\/v2\/product\/13502\/revisions"}],"predecessor-version":[{"id":13521,"href":"https:\/\/uniquecontent.shop\/es\/wp-json\/wp\/v2\/product\/13502\/revisions\/13521"}],"wp:featuredmedia":[{"embeddable":true,"href":"https:\/\/uniquecontent.shop\/es\/wp-json\/wp\/v2\/media\/13503"}],"wp:attachment":[{"href":"https:\/\/uniquecontent.shop\/es\/wp-json\/wp\/v2\/media?parent=13502"}],"wp:term":[{"taxonomy":"brand","embeddable":true,"href":"https:\/\/uniquecontent.shop\/es\/wp-json\/wp\/v2\/etheme_brands?post=13502"},{"taxonomy":"product_brand","embeddable":true,"href":"https:\/\/uniquecontent.shop\/es\/wp-json\/wp\/v2\/product_brand?post=13502"},{"taxonomy":"product_cat","embeddable":true,"href":"https:\/\/uniquecontent.shop\/es\/wp-json\/wp\/v2\/product_cat?post=13502"},{"taxonomy":"product_tag","embeddable":true,"href":"https:\/\/uniquecontent.shop\/es\/wp-json\/wp\/v2\/product_tag?post=13502"}],"curies":[{"name":"wp","href":"https:\/\/api.w.org\/{rel}","templated":true}]}}